{"id":1090,"date":"2013-09-30T08:09:53","date_gmt":"2013-09-30T06:09:53","guid":{"rendered":"http:\/\/actionpromotion.de\/?page_id=839"},"modified":"2016-12-09T06:53:24","modified_gmt":"2016-12-09T05:53:24","slug":"vorleistungen-2","status":"publish","type":"page","link":"https:\/\/www.werbeturm24.de\/?page_id=1090","title":{"rendered":"Ihre Vorleistungen"},"content":{"rendered":"<div>\n<p><strong>Sie fragen sich:<\/strong>\u00a0 \u201cWarum kann ich nicht fertige Dienstleistungspakete im Internet kaufen, so das ich eine fertige komplette Leistung erhalte, die meinen Anspr\u00fcchen und Zielsetzungen gen\u00fcgt.\u201d.<br \/>\n<strong>Unsere L\u00f6sung:<\/strong>\u00a0Genau das bieten wir Ihnen an!<\/p>\n<\/div>\n<p>Doch um genau zu erfahren was Sie planen, welche Ziele Sie erreichen m\u00f6chten bedarf es zuerst:\u00a0<strong>Ihre Gedanken in Erfahrung zu bringen.<\/strong><\/p>\n<p>In einem pers\u00f6nlichem Gespr\u00e4ch kann vieles gekl\u00e4rt und er\u00f6rtert werden, doch es kann passieren, das wichtige Details oder das gesprochene Wort falsch verstanden oder interpretiert wird. Das w\u00e4re fatal und Ihr Ziel w\u00fcrde nicht erreicht. Daher haben wir ein ganz einfaches Erfassungsformular erstellt, wo sie mit wenigen Kreuzen und Inhalten Ihre Ziele und Aufgaben eintragen k\u00f6nnen.<\/p>\n<p>Sie haben eine Aufgabe die Sie richtig gel\u00f6st haben m\u00f6chten und wir m\u00f6chten diese Aufgabe richtig verstehen und zielgenau umsetzen.<\/p>\n<p>Mit Ihrer Vorleistungen, Ihren Gedanken die Sie zu Papier oder zur Mail bringen, teilen Sie uns in schriftlicher Form mit, was genau Sie als Dienstleistung gel\u00f6st haben m\u00f6chten.<br \/>\nGeben Sie uns eine genaue Beschreibung wie Sie als Auftraggeber Ihre Dienstleistungsaufgabe sehen, die sie erwarten, und welche finale Ziele erreicht werden sollen!\u00a0<strong>Dann servieren wir die passende L\u00f6sung!<\/strong><\/p>\n<p>Bitte dieses\u00a0<strong>Jobformular<\/strong>\u00a0ausf\u00fcllen, ankreuzen, absenden, fertig!<\/p>\n<p>Ihre Anfrage ist selbstverst\u00e4ndlich vertraulich, kostet Sie keinen Cent und dient lediglich dazu, das wir bei der Kontaktaufnahme Ihrer Job-Anfrage mit Aufgabenstellung, eine geordnete Struktur von Anfang an haben.<\/p>\n<p><strong>Danach gibt es 2 M\u00f6glichkeiten:<\/strong><\/p>\n<p>a) es handelt sich um ein einfaches, schnell zu l\u00f6sendes Projekt, wof\u00fcr wir fertige Leistungspakete bereits anbieten k\u00f6nnen oder<br \/>\nb) es handelt sich um eine Aufgabe, die so komplex ist, das wir gemeinsam mit Ihnen ein Job-Projektierung erarbeiten, damit die komplexen Umf\u00e4nge und die Zielaufgaben beiderseitig richtig verstanden und umgesetzt werden k\u00f6nnen.<\/p>\n<p>Ihre Vorleistungen sind somit: \u00a0 Uns Ihrer Anfrage, Aufgabenstellung und \u00a0Komplexit\u00e4t der erwartenden Dienstleistung so genau zu beschreiben, so das wir dann gemeinsam ausw\u00e4hlen k\u00f6nnen,<br \/>\n<strong>welches Dienstleistungspaket am Besten zu Ihrer Aufgabenstellung passt.<br \/>\n<\/strong>Keine Angst, wir erwarten kein 20 seitiges Script von Ihnen, sie k\u00f6nnen ganz einfach den Fragebogen ausf\u00fcllen, mit Ihren Texten\/Ideen anreichern welche Gedanken und welche Ziele Sie verfolgen und dann auf senden klicken.<br \/>\nUnser KontaktScout wird dann die Leistungspakete ausw\u00e4hlen, die in erster Erkenntnis ausreichend sind, und diese mit Ihnen abstimmen.<\/p>\n","protected":false},"excerpt":{"rendered":"<p>Sie fragen sich:\u00a0 \u201cWarum kann ich nicht fertige Dienstleistungspakete im Internet kaufen, so das ich eine fertige komplette Leistung erhalte, [&hellip;]<\/p>\n","protected":false},"author":1,"featured_media":0,"parent":0,"menu_order":0,"comment_status":"closed","ping_status":"closed","template":"page-fullwidth.php","meta":{"footnotes":"","_links_to":"","_links_to_target":""},"class_list":["post-1090","page","type-page","status-publish","hentry","no-featured-image"],"_links":{"self":[{"href":"https:\/\/www.werbeturm24.de\/index.php?rest_route=\/wp\/v2\/pages\/1090","targetHints":{"allow":["GET"]}}],"collection":[{"href":"https:\/\/www.werbeturm24.de\/index.php?rest_route=\/wp\/v2\/pages"}],"about":[{"href":"https:\/\/www.werbeturm24.de\/index.php?rest_route=\/wp\/v2\/types\/page"}],"author":[{"embeddable":true,"href":"https:\/\/www.werbeturm24.de\/index.php?rest_route=\/wp\/v2\/users\/1"}],"replies":[{"embeddable":true,"href":"https:\/\/www.werbeturm24.de\/index.php?rest_route=%2Fwp%2Fv2%2Fcomments&post=1090"}],"version-history":[{"count":2,"href":"https:\/\/www.werbeturm24.de\/index.php?rest_route=\/wp\/v2\/pages\/1090\/revisions"}],"predecessor-version":[{"id":5246,"href":"https:\/\/www.werbeturm24.de\/index.php?rest_route=\/wp\/v2\/pages\/1090\/revisions\/5246"}],"wp:attachment":[{"href":"https:\/\/www.werbeturm24.de\/index.php?rest_route=%2Fwp%2Fv2%2Fmedia&parent=1090"}],"curies":[{"name":"wp","href":"https:\/\/api.w.org\/{rel}","templated":true}]}}