{"id":34,"date":"2013-10-30T13:07:05","date_gmt":"2013-10-30T13:07:05","guid":{"rendered":"http:\/\/peterl.de\/?page_id=34"},"modified":"2017-04-18T14:39:51","modified_gmt":"2017-04-18T12:39:51","slug":"datenschutz","status":"publish","type":"page","link":"https:\/\/www.werbeturm24.de\/?page_id=34","title":{"rendered":"Datenschutz"},"content":{"rendered":"<p><em>Datenschutzerkl\u00e4rung<\/em><\/p>\n<p>Diese Datenschutzerkl\u00e4rung kl\u00e4rt \u00fcber die Art, den Umfang und Zwecke der Erhebung und Verwendung von Daten der Besucher und Nutzer\u00a0(nachfolgend zusammenfassend bezeichnet als \u201eNutzer\u201c) durch citmax, eine Division der idee-produktion.de GmbH, Heinkelstr.1-3 in 30827 Garbsen \u00a0(nachfolgend \u201eAnbieter\u201c) als datenschutzrechtlich verantwortliche Stelle auf.<\/p>\n<p>Bei Fragen zum Datenschutz erreichen Sie uns werktags von 9:00 bis 15:00 Uhr<br \/>\nunter der Telefonnummer<br \/>\n0511\/9200 000 sowie per E-Mail unter\u00a0<a href=\"mailto:info@werbeturm24.de\">info@werbeturm24.de<\/a>.<\/p>\n<p><em>Erhebung von Zugriffsdaten<\/em><br \/>\nDer Anbieter erhebt Daten \u00fcber jeden Zugriff auf das Onlineangebot (so genannte Serverlogfiles). Zu den Zugriffsdaten geh\u00f6ren Name der abgerufenen Webseite, Datei, Datum und Uhrzeit des Abrufs, \u00fcbertragene Datenmenge, Meldung \u00fcber erfolgreichen Abruf, Browsertyp nebst Version, das Betriebssystem des Nutzers, Referrer URL (die zuvor besuchte Seite), IP-Adresse und der anfragende Provider.<br \/>\nDer Anbieter verwendet die Protokolldaten ohne Zuordnung zur Person des Nutzers oder sonstiger Profilerstellung entsprechend den gesetzlichen Bestimmungen nur f\u00fcr statistische Auswertungen zum Zweck des Betriebs, der Sicherheit und der Optimierung des Onlineangebotes. Der Anbieter beh\u00e4lt sich jedoch vor, die Protokolldaten nachtr\u00e4glich zu \u00fcberpr\u00fcfen, wenn aufgrund konkreter Anhaltspunkte der berechtigte Verdacht einer rechtswidrigen Nutzung besteht.<\/p>\n<p><em>Erhebung und Nutzung personenbezogener Daten<\/em><\/p>\n<p>Personenbezogene Daten werden vom Anbieter nur dann erhoben und genutzt, wenn dies gesetzlich erlaubt ist oder die Nutzer\u00a0in die Datenerhebung einwilligen. In der Regel ist es f\u00fcr die Nutzer\u00a0bei der Nutzung des Dienstes erkennbar welche Daten gespeichert werden, so zum Beispiel Name, E-Mailadresse und Nachricht bei der Nutzung des Bestellformulars.<br \/>\nDie zum Zwecke der Bestellung von Waren angegebenen pers\u00f6nlichen Daten (wie zum Beispiel Name, E-Mail-Adresse, Anschrift, Zahlungsdaten) werden vom Verk\u00e4ufer zur Erf\u00fcllung und Abwicklung des Vertrags verwendet. Diese Daten werden vertraulich behandelt, verschl\u00fcsselt \u00fcbertragen und nicht an Dritte weitergegeben, die nicht am Bestell-, Auslieferungs- und Zahlungsvorgang beteiligt sind.<br \/>\nBei der Kontaktaufnahme mit dem Anbieter (per Kontaktformular oder Email) werden die Angaben des Nutzers\u00a0zwecks Bearbeitung der Anfrage sowie f\u00fcr den Fall, dass Anschlussfragen entstehen, gespeichert.<br \/>\nDer Anbieter hat organisatorische, vertragliche und technische Sicherheitsma\u00dfnahmen getroffen, um sicher zu stellen, dass die Vorschriften der Datenschutzgesetze eingehalten werden und zuf\u00e4llige oder vors\u00e4tzliche Manipulationen, Verlust, Zerst\u00f6rung oder der Zugriff unberechtigter Personen verhindert wird.<\/p>\n<p><em>Datenweiterleitung an Dritte<\/em><\/p>\n<p>Die Daten der Nutzer\u00a0werden nur dann an Dritte weiter geleitet, wenn dies gesetzlich erlaubt ist oder ein Nutzer\u00a0in die Weiterleitung eingewilligt hat.<br \/>\nDas ist zum Beispiel der Fall wenn die Weiterleitung der Daten der Erf\u00fcllung vertraglicher Verpflichtungen gegen\u00fcber dem Nutzer\u00a0dient und die Postadresse nach einer Shopbestellung an ein Speditionsunternehmen \u00fcbergeben wird. Oder falls die Daten von zust\u00e4ndigen Stellen wie Strafverfolgungsbeh\u00f6rden angefordert werden.<br \/>\nDie personenbezogenen Daten der Nutzer\u00a0werden keineswegs an Dritte zu Werbezwecken oder zwecks Erstellung von Nutzerprofilen verkauft oder weitergeleitet.<\/p>\n<p><em>Cookies<\/em><\/p>\n<p>Der Anbieter setzt im Rahmen seines Onlineangebotes \u201eCookies\u201c ein. Cookies sind kleine Dateien, die auf dem Computer der Nutzer\u00a0abgelegt werden und Informationen f\u00fcr Anbieter speichern k\u00f6nnen. Tempor\u00e4re Cookies werden nach dem Schlie\u00dfen des Browsers gel\u00f6scht, permanente Cookies bleiben f\u00fcr einen vorgegebenen Zeitraum erhalten und k\u00f6nnen beim erneuten Aufruf des Onlineangebotes die gespeicherten Informationen zur Verf\u00fcgung stellen.<br \/>\nCookies werden zum einen eingesetzt um die Nutzung des Dienstes zu erleichtern. So speichert ein Cookie den Warenkorbstatus eines Nutzers.<br \/>\nDer Nutzer\u00a0kann auf den Einsatz der Cookies Einfluss nehmen. Die meisten Browser verf\u00fcgen eine Option mit der das Speichern von Cookies eingeschr\u00e4nkt oder komplett verhindert wird. Anbieter bem\u00fcht sich das Onlineangebot so zu gestalten, dass der Einsatz von Cookies nicht notwendig ist. Allerdings wird darauf hingewiesen, dass die Nutzung und insbesondere der Nutzungskomfort ohne Cookies eingeschr\u00e4nkt werden.<\/p>\n<p><em>Informationsversand per Newsletter<\/em><\/p>\n<p>E-Mails mit werblichen Informationen \u00fcber den Anbieter sowie dessen Leistungen werden nur mit einer ausdr\u00fccklichen Einwilligung der Nutzer versendet. Die Nutzer k\u00f6nnen dem Empfang der Newsletter jederzeit widersprechen. Eine Widerspruchsm\u00f6glichkeit findet sich u.a. in jeder E-Mail.<br \/>\nVor dem Versand des Newsletters geht dem E-Mail-Inhaber eine Best\u00e4tigungsemail zu, in welcher er die Newsletteranmeldung best\u00e4tigen muss. Nicht best\u00e4tigte Anmeldungen werden automatisch sp\u00e4testens innerhalb von vier Wochen gel\u00f6scht.<br \/>\nNicht zu werblichen Informationen geh\u00f6ren Nachrichten im Rahmen der Vertragsbeziehung mit dem Nutzer. Dazu geh\u00f6rt der Versand von technischen Informationen, Informationen zur Zahlungsabwicklung, R\u00fcckfragen zu Auftr\u00e4gen und vergleichbare Nachrichten.<br \/>\nDie Nutzer k\u00f6nnen nachtr\u00e4glich die Austragung aus der Benachrichtigungsliste per E-Mail an die oben angegebenen Kontaktm\u00f6glichkeiten beantragen.<br \/>\nIm Rahmen der Anmeldung speichert der Anbieter den Anmelde- sowie den Best\u00e4tigungszeitpunkt und die IP-Adresse des Nutzers. Der Anbieter ist gesetzlich verpflichtet die Anmeldungen zu protokollieren, um eine ordnungsgem\u00e4\u00dfe Anmeldung nachweisen zu k\u00f6nnen.<\/p>\n<p><em>Widerruf, \u00c4nderungen, Berichtigungen und Aktualisierungen<\/em><\/p>\n<p>Der Nutzer\u00a0hat das Recht, auf Antrag unentgeltlich Auskunft zu erhalten \u00fcber die personenbezogenen Daten, die vom Anbieter \u00fcber ihn gespeichert wurden. Kontaktdaten finden sich im Impressum des Anbieters.<br \/>\nZus\u00e4tzlich hat der Nutzer\u00a0das Recht auf Berichtigung unrichtiger Daten, Sperrung und L\u00f6schung seiner personenbezogenen Daten, soweit keine gesetzliche Aufbewahrungspflicht entgegensteht.<\/p>\n<p>\u00c4nderungen der Datenschutzerkl\u00e4rung<br \/>\nDer Anbieter beh\u00e4lt sich vor, die Datenschutzerkl\u00e4rung zu \u00e4ndern, um sie an ge\u00e4nderte Rechtslage oder bei \u00c4nderungen des Dienstes sowie der Datenverarbeitung anzupassen.<\/p>\n","protected":false},"excerpt":{"rendered":"<p>Datenschutzerkl\u00e4rung Diese Datenschutzerkl\u00e4rung kl\u00e4rt \u00fcber die Art, den Umfang und Zwecke der Erhebung und Verwendung von Daten der Besucher und [&hellip;]<\/p>\n","protected":false},"author":1,"featured_media":0,"parent":0,"menu_order":0,"comment_status":"closed","ping_status":"open","template":"","meta":{"footnotes":"","_links_to":"","_links_to_target":""},"class_list":["post-34","page","type-page","status-publish","hentry","no-featured-image"],"_links":{"self":[{"href":"https:\/\/www.werbeturm24.de\/index.php?rest_route=\/wp\/v2\/pages\/34","targetHints":{"allow":["GET"]}}],"collection":[{"href":"https:\/\/www.werbeturm24.de\/index.php?rest_route=\/wp\/v2\/pages"}],"about":[{"href":"https:\/\/www.werbeturm24.de\/index.php?rest_route=\/wp\/v2\/types\/page"}],"author":[{"embeddable":true,"href":"https:\/\/www.werbeturm24.de\/index.php?rest_route=\/wp\/v2\/users\/1"}],"replies":[{"embeddable":true,"href":"https:\/\/www.werbeturm24.de\/index.php?rest_route=%2Fwp%2Fv2%2Fcomments&post=34"}],"version-history":[{"count":5,"href":"https:\/\/www.werbeturm24.de\/index.php?rest_route=\/wp\/v2\/pages\/34\/revisions"}],"predecessor-version":[{"id":6821,"href":"https:\/\/www.werbeturm24.de\/index.php?rest_route=\/wp\/v2\/pages\/34\/revisions\/6821"}],"wp:attachment":[{"href":"https:\/\/www.werbeturm24.de\/index.php?rest_route=%2Fwp%2Fv2%2Fmedia&parent=34"}],"curies":[{"name":"wp","href":"https:\/\/api.w.org\/{rel}","templated":true}]}}