{"id":36,"date":"2013-10-30T13:07:05","date_gmt":"2013-10-30T13:07:05","guid":{"rendered":"http:\/\/peterl.de\/?page_id=36"},"modified":"2017-04-18T14:17:23","modified_gmt":"2017-04-18T12:17:23","slug":"zahlungsarten","status":"publish","type":"page","link":"https:\/\/www.werbeturm24.de\/?page_id=36","title":{"rendered":"Zahlungsarten"},"content":{"rendered":"<p><strong>Zahlungsarten<br \/>\n<\/strong>Wir bieten Ihnen verschiedene Zahlungsarten an. Suchen Sie sich einfach die f\u00fcr Sie optimale Zahlart aus.<br \/>\nVersandkosten, Transport und Montagekosten sind immer separat anzufragen. Die in den jeweiligen Angeboten angef\u00fchrten Preise sind f\u00fcr den gewerblichen Einkauf bestimmt, stets zzgl. Mwst..<\/p>\n<p>Nur bei grenz\u00fcberschreitender Lieferung k\u00f6nnen im Einzelfall weitere Steuern (z.B. im Falle eines innergemeinschaftlichen Erwerbs) und\/oder Abgaben (z.B. Z\u00f6lle) von Ihnen zu zahlen sein, jedoch nicht an den Verk\u00e4ufer, sondern an die dort zust\u00e4ndigen Zoll- bzw. Steuerbeh\u00f6rden.<br \/>\nDie anfallenden Liefer- und Versandkosten die nicht im Kaufpreis enthalten sind, sind per Email bei uns anzufragen oder als ausw\u00e4hlbaren Artikel in den Warenkorb einzuf\u00fcgen und sind von Ihnen zus\u00e4tzlich zu tragen.<br \/>\n<strong><em>Barzahlung bei Abholung<br \/>\n<\/em><\/strong>In gesonderten Ausnahmef\u00e4llen ist eine Barzahlung bei Abholung m\u00f6glich.<em><\/em><strong><em><br \/>\n<\/em><\/strong>Dies ist vorher schriftlich anzufragen.<\/p>\n<p><em><strong>PayPal \/ auch mit Kreditkarte<\/strong><br \/>\n<\/em>Noch sicherer und schnell bezahlen mit ihrem PayPal-Konto.<\/p>\n<p><em><strong>Vorkasse per \u00dcberweisung<\/strong><br \/>\n<\/em>nach Bestellung und Rechnungserhalt.<br \/>\nBitte \u00fcberweisen Sie den Gesamtbetrag Ihrer Bestellung auf unser Konto:<\/p>\n<p>idee-produktion.de GmbH<br \/>\nDivision: Citmax.de<br \/>\nunter Angabe von dem Verwendungszweck:<br \/>\nz.B.: Ihre Bestellung vom: (Datum\/Artikel)<\/p>\n<p>Kontonummer:\u00a00910 199 086<br \/>\nBLZ:\u00a025050180<br \/>\nKreditinstitut:\u00a0Sparkasse Hannover<br \/>\nSWIFT:\u00a0SPKHDE2HXXX<br \/>\nIBAN:\u00a0DE34 2505 0180 0910 1990 86<\/p>\n","protected":false},"excerpt":{"rendered":"<p>Zahlungsarten Wir bieten Ihnen verschiedene Zahlungsarten an. Suchen Sie sich einfach die f\u00fcr Sie optimale Zahlart aus. Versandkosten, Transport und [&hellip;]<\/p>\n","protected":false},"author":1,"featured_media":0,"parent":0,"menu_order":0,"comment_status":"closed","ping_status":"open","template":"","meta":{"footnotes":"","_links_to":"","_links_to_target":""},"class_list":["post-36","page","type-page","status-publish","hentry","no-featured-image"],"_links":{"self":[{"href":"https:\/\/www.werbeturm24.de\/index.php?rest_route=\/wp\/v2\/pages\/36","targetHints":{"allow":["GET"]}}],"collection":[{"href":"https:\/\/www.werbeturm24.de\/index.php?rest_route=\/wp\/v2\/pages"}],"about":[{"href":"https:\/\/www.werbeturm24.de\/index.php?rest_route=\/wp\/v2\/types\/page"}],"author":[{"embeddable":true,"href":"https:\/\/www.werbeturm24.de\/index.php?rest_route=\/wp\/v2\/users\/1"}],"replies":[{"embeddable":true,"href":"https:\/\/www.werbeturm24.de\/index.php?rest_route=%2Fwp%2Fv2%2Fcomments&post=36"}],"version-history":[{"count":3,"href":"https:\/\/www.werbeturm24.de\/index.php?rest_route=\/wp\/v2\/pages\/36\/revisions"}],"predecessor-version":[{"id":6817,"href":"https:\/\/www.werbeturm24.de\/index.php?rest_route=\/wp\/v2\/pages\/36\/revisions\/6817"}],"wp:attachment":[{"href":"https:\/\/www.werbeturm24.de\/index.php?rest_route=%2Fwp%2Fv2%2Fmedia&parent=36"}],"curies":[{"name":"wp","href":"https:\/\/api.w.org\/{rel}","templated":true}]}}