{"id":837,"date":"2013-09-30T08:09:23","date_gmt":"2013-09-30T06:09:23","guid":{"rendered":"http:\/\/actionpromotion.de\/?page_id=837"},"modified":"2016-12-09T06:53:30","modified_gmt":"2016-12-09T05:53:30","slug":"produktepreise","status":"publish","type":"page","link":"https:\/\/www.werbeturm24.de\/?page_id=837","title":{"rendered":"Infos \u00fcber&#8230;."},"content":{"rendered":"<p>Herzlich willkommen auf unseren Infoseiten der<br \/>\nrent-me24.de \u00a0&#8211; Deutschlands informative webseite f\u00fcr Werbeanh\u00e4nger und mobile Werbung.<\/p>\n<p>Hier geben wir Tipps, Infos und attraktive Angebote rund um das Thema \u00a0Werbeanh\u00e4nger.<br \/>\nMieten, Leasen und Kaufen &#8211; alles ist m\u00f6glich! Aber komplette Promotion-Aktionen mit mobiler,\u00a0blickfangstarker Werbung.<\/p>\n<p>In unserem Bereich<strong> Infos \u00fcber&#8230;.<\/strong> erhalten Sie alle Basisinformationen der jeweiligen Anh\u00e4nger- und Werbemodelle.<br \/>\nIn unserem Bereich <strong>SHOP<\/strong>\u00a0finden Sie die Varianten und Bestelloptionen der jeweiligen Produkte.<\/p>\n<p><strong>Werbeanh\u00e4nger bieten wir in 4 Basic-Gr\u00f6\u00dfen mit Stra\u00dfenzulassung, versichert und versteuert, sofort einsatzf\u00e4hige f\u00fcr Ihren Werbezweck. Aber auch Sonderl\u00f6sungen sind m\u00f6glich.<br \/>\n<\/strong>1) RentMe MIKRO Werbefl\u00e4che B200 x H150 cm, ca. 400 KG. Klein und wendig!<br \/>\n2) RentMe MINI Werbefl\u00e4che B300 x H200 cm, ca. 650 KG. F\u00e4llt auf und ist flexibel!<br \/>\n3) RentMe STANDARD Werbefl\u00e4che B350 x H250 cm, ca. 900 KG. Fast Plakatma\u00df!<br \/>\n4) RentMe BIG Werbefl\u00e4che B700 x H350 cm, ca. 990 KG &#8211; 2,5t. Verdammt gro\u00df!!<\/p>\n<p>5) In den obigen Ma\u00dfen gibt&#8217;s auch ROLLY-Modell, diese sind ohne Strassenzulassung.<br \/>\n6) PLUS: Fahrzeuge komplett mit Dachwerbung k\u00f6nnen Sie zum Abstellen mieten!<br \/>\n7) Kombinations-Gespanne. PKW\/LKW mit und ohne Fahrer f\u00fcr erfolgreiche Promotioneins\u00e4tze!<\/p>\n<p>Auch Strahler, Lampen, Fahnen, Megaphon-Sprach-CD-Anlagen, Hinweispfeile oder Wimpel etc. k\u00f6nnen bei uns systemfertig dazu gebucht werden und finden Sie mit anderen N\u00fctzlichem unter der Rubik <strong>Zubeh\u00f6r<\/strong>.<\/p>\n<p>Unter dem Bereich download finden Sie wichtige Tipps zum<br \/>\n&#8211; Aufstellen der Werbeanh\u00e4nger<br \/>\n&#8211; Auflagen, Genehmigungen und Erfahrungswerte<br \/>\n&#8211; GuerilliaMarketing-Aktionen mit RentMe-Anh\u00e4ngern<br \/>\n&#8211; technische Datenbl\u00e4tter<br \/>\n&#8211; u.v.m.<\/p>\n<p>Bei umfangreichen Werbe-Projekten und Einsatz von meheren Werbeanh\u00e4ngern k\u00f6nnen die Vorbereitungen und Anforderungen so zeitintensiv sein, das Sie die notwendigen Vorarbeiten nicht selber erledigen k\u00f6nnen. Dann helfen Ihnen unsere Projekt-Scouts gerne weiter. Mit unseren Dienstleistungspaketen die wir unter <strong>Projektierung<\/strong> f\u00fcr Sie zusammengestellt haben finden Sie immer eine passende L\u00f6sung f\u00fcr die Umsetzung.<\/p>\n<p>Sollten Sie eine komplette Werbekampagne oder eine l\u00e4ngerfristige Aktion planen, generieren wir gerne f\u00fcr Sie die passenden Stellpl\u00e4tze. In unserem Projektierungs-Bereich finden Sie alle Leistungen zu Pauschalpreisen zusammengestellt.<\/p>\n<p>Sollten Sie dar\u00fcber hinaus Fragen haben, dann senden Sie uns eine mail an <a title=\"Kontakt zu uns.\" href=\"mailto: info@rent-me24.de\" target=\"_blank\">info@rent-me24.de<\/a>\u00a0mit Ihrer speziellen Anfrage, wir helfen gern!<\/p>\n<p>F\u00fcr allgemeine Fragen die auf unseren Infoseiten noch nicht beantwortet sind weis unser<br \/>\n<strong>ProfQ<\/strong>\u00a0Rat, den Sie <strong>hier<\/strong> finden.<\/p>\n<p>Unsere Hotline ist t\u00e4glich von 8.00 bis 12.00 Uhr unter 0511\/9200 000 erreichbar.<\/p>\n","protected":false},"excerpt":{"rendered":"<p>Herzlich willkommen auf unseren Infoseiten der rent-me24.de \u00a0&#8211; Deutschlands informative webseite f\u00fcr Werbeanh\u00e4nger und mobile Werbung. Hier geben wir Tipps, [&hellip;]<\/p>\n","protected":false},"author":1,"featured_media":0,"parent":0,"menu_order":0,"comment_status":"closed","ping_status":"closed","template":"","meta":{"footnotes":"","_links_to":"","_links_to_target":""},"class_list":["post-837","page","type-page","status-publish","hentry","no-featured-image"],"_links":{"self":[{"href":"https:\/\/www.werbeturm24.de\/index.php?rest_route=\/wp\/v2\/pages\/837","targetHints":{"allow":["GET"]}}],"collection":[{"href":"https:\/\/www.werbeturm24.de\/index.php?rest_route=\/wp\/v2\/pages"}],"about":[{"href":"https:\/\/www.werbeturm24.de\/index.php?rest_route=\/wp\/v2\/types\/page"}],"author":[{"embeddable":true,"href":"https:\/\/www.werbeturm24.de\/index.php?rest_route=\/wp\/v2\/users\/1"}],"replies":[{"embeddable":true,"href":"https:\/\/www.werbeturm24.de\/index.php?rest_route=%2Fwp%2Fv2%2Fcomments&post=837"}],"version-history":[{"count":15,"href":"https:\/\/www.werbeturm24.de\/index.php?rest_route=\/wp\/v2\/pages\/837\/revisions"}],"predecessor-version":[{"id":5250,"href":"https:\/\/www.werbeturm24.de\/index.php?rest_route=\/wp\/v2\/pages\/837\/revisions\/5250"}],"wp:attachment":[{"href":"https:\/\/www.werbeturm24.de\/index.php?rest_route=%2Fwp%2Fv2%2Fmedia&parent=837"}],"curies":[{"name":"wp","href":"https:\/\/api.w.org\/{rel}","templated":true}]}}