{"id":895,"date":"2013-09-30T08:29:42","date_gmt":"2013-09-30T06:29:42","guid":{"rendered":"http:\/\/peterl.de\/?page_id=895"},"modified":"2023-09-21T15:54:44","modified_gmt":"2023-09-21T13:54:44","slug":"vertrieb","status":"publish","type":"page","link":"https:\/\/www.werbeturm24.de\/?page_id=895","title":{"rendered":"Vertrieb"},"content":{"rendered":"<div>\n<p><strong>Die langwost.de Unternehmensgruppe agiert in 8 Divisionen <\/strong><br \/>\n<strong>die \u00fcber die <a title=\"Erfolgreiche Werbung von der Idee bis zur Produktion.\" href=\"https:\/\/www.idee-produktion.de\/\" target=\"_blank\" rel=\"noopener noreferrer\">idee-produktion.de<\/a> GmbH mit dem Sitz Garbsen bei Hannover <\/strong><br \/>\n<strong>gef\u00fchrt werden.<\/strong><\/p>\n<p>Die Divisionen bieten f\u00fcr:<br \/>\n\u2013 gewerblichen Kunden als auch speziell f\u00fcr<br \/>\n\u2013 Unternehmen aus dem Werbe- und Marketingbereich:<br \/>\n1) die Anbahnung von Gesch\u00e4ftskontakten f\u00fcr Werbeleistungen<br \/>\n2) eine Netzwerkstruktur f\u00fcr die Pr\u00e4sentation aussergew\u00f6hnlicher Ideen und Produktionen<br \/>\n3) eine zentrale B\u00fcndelung f\u00fcr wirtschaftlichen Einkauf innerhalb des Netzwerkes<br \/>\nan.<br \/>\n<strong>Sie m\u00f6chten direkt beim Produktioner einkaufen und Fachberatung erhalten?<br \/>\n<\/strong>Dann wenden Sie sich an die <strong><a title=\"Idee und Produktion - alles aus einer Hand.\" href=\"https:\/\/www.idee-produktion.de\" target=\"_blank\" rel=\"noopener noreferrer\">idee-produktion.de<\/a> <\/strong>GmbH.<br \/>\nHier erhalten Sie zahlreiche Eigenproduktionen kombiniert mit unterschiedlichsten<br \/>\nDienstleistungen. <strong><a href=\"mailto:info@i--p.de\" target=\"_blank\" rel=\"noopener noreferrer\">Kontaktieren Sie idee-produktion.de per Mail:<\/a><\/strong><\/p>\n<p><strong>F\u00fcr ganz speziellen Marketingma\u00dfnahmen suchen Sie fertige L\u00f6sungen\/Preise?<\/strong><br \/>\nDann nutzen Sie das knowhow der 8 Divisionen wo Ihnen sofort kompetent<br \/>\nL\u00f6sungen aufgezeigt werden und Sie schnell und fachgerecht Ihr Projekt realisieren.<br \/>\n<strong><a href=\"mailto:info@werbeturm24.de\" target=\"_blank\" rel=\"noopener noreferrer\">Kontaktieren Sie werbeturm24.de per Mail:<\/a><\/strong><\/p>\n<p><strong>Sie suchen schnell einen Profi <strong>der<\/strong> Sie bei Ihren Jobs + Aufgaben aktiv unterst\u00fctzt?<br \/>\n<\/strong>Auf <strong><a title=\"Ihren Profi finden Sie ab Sommer 2017 hier.\" href=\"https:\/\/www.suche-profi.de\" target=\"_blank\" rel=\"noopener noreferrer\">suche-profi.de.<\/a> <\/strong>finden Sie eine gro\u00dfe Auswahl an Fach-Profis<br \/>\nf\u00fcr nahezu alle Unternehmensbereiche. Oder Sie sind selbst ein Profi und m\u00f6chten<br \/>\nonline Ihre Leistungen verkaufen, dann schnell zu <strong><a href=\"http:\/\/www.suche-profi.de\" target=\"_blank\" rel=\"noopener noreferrer\">suche-profi.de<\/a>.<\/strong><\/p>\n<\/div>\n<h2><span style=\"text-decoration: underline;\">Wir bieten unterschiedliche aktive und passive Vertriebsmodelle an:<\/span><\/h2>\n<p><strong>Werden Sie Divisions-Supporter oder Divsions-Agentur!<br \/>\n<\/strong>a) f\u00fcr Ihre speziellen Leistungen, die Sie unter suche-profi.de anbieten k\u00f6nnen.<br \/>\nb) f\u00fcr Ihren strukturierter Online-Vertrieb Ihrer Beratung, Produktion und Dienstleistungen<br \/>\nin unseren zahlreichen Division-Fachbereichen.<\/p>\n<p><span style=\"text-decoration: underline;\">Vertrieb 1:<\/span><br \/>\n<strong>Sie m\u00f6chten als freier Berater die Leistungen der Divisionen sporadisch an Ihre Kunden vermitteln?<br \/>\n<\/strong>Dann nutzen Sie <strong><a title=\"Alle Divisionsleistungen auf einem Blick.\" href=\"https:\/\/citmax.de\" target=\"_blank\" rel=\"noopener noreferrer\">citmax.de<\/a> <\/strong>und erweiteren Sie Ihren Vertrieb mit allen Divisionsleistungen.<br \/>\nAlle Preise finden Sie zus\u00e4tzlich bei allen Divisionen auf der jeweiligen Homepage.<br \/>\nDort erhalten Sie einen schnellen und kompletten \u00dcberblick.<\/p>\n<p><span style=\"text-decoration: underline;\">Vertrieb 2:<\/span><br \/>\n<strong>Sie m\u00f6chten lizenzsierter Divisions-Vertriebspartner f\u00fcr eine der Divisionen werden?<br \/>\n<\/strong>Dann werden Sie Divisions-Supporter und agieren Sie in Ihrem PLZ-Bereich 01 &#8211; 99.<br \/>\n<strong><a title=\"Jetzt Division-Lizenz-Vertriebspartner werden.\" href=\"https:\/\/langwost.de\/?page_id=5166\" target=\"_blank\" rel=\"noopener noreferrer\">Dann lesen Sie hier<\/a> <\/strong>und senden Sie uns<strong> <a href=\"mailto:info@langwost.de\" target=\"_blank\" rel=\"noopener noreferrer\">eine Mail<\/a>:<\/strong><\/p>\n<p><span style=\"text-decoration: underline;\">Vertrieb 3:<strong><br \/>\n<\/strong><\/span><strong>Sie m\u00f6chten mit Ihrem Werbe- und Marketingunternehmen aktiver Divisions-Netzwerkpartner werden?<\/strong><br \/>\nDann werden Sie Divisions-Agentur in Ihrem zugewiesenen PLZ Bereich 0 &#8211; 9. Koordinieren Sie die Divisions-Supporter in Ihrem PLZ-Bereich und profitieren von den zahlreichen Online-Anfragen der deutschlandweit aktiven Divisionen und senden Sie uns<strong> <a href=\"mailto:info@langwost.de\" target=\"_blank\" rel=\"noopener noreferrer\">eine Mail<\/a>:<\/strong><\/p>\n<p><span style=\"text-decoration: underline;\">Vertrieb 4:<strong><br \/>\n<\/strong><\/span><strong>Sie m\u00f6chten Ihre Marketingleistung innerhalb des <a title=\"Hier bieten Sie Ihre Marketingleistungen mit konkreten Produkten an.\" href=\"https:\/\/www.suche-profi.de\" target=\"_blank\" rel=\"noopener noreferrer\">suche-profi.de<\/a> Netzwerkes pr\u00e4sentieren, anbieten und leicht \u00fcber einen Online-Shop verkaufen?<\/strong><br \/>\nSie k\u00f6nnen Ihren eigenen Online-Shop betreiben und zielgruppengerecht pr\u00e4sentieren und vermarkten,<br \/>\ndann schnell zu <strong><a href=\"http:\/\/www.suche-profi.de\" target=\"_blank\" rel=\"noopener noreferrer\">suche-profi.de<\/a>. <\/strong>Einfach anmelden, registrieren und Ihren Shop er\u00f6ffnen!<\/p>\n<p><span style=\"text-decoration: underline;\">redax-texworker<\/span><strong><br \/>\nSie arbeiten freiberuflich, texten gerne und m\u00f6chten aktiver networker werden?<br \/>\n<\/strong>Dann werden Sie redax-texworker und schreiben Sie Texte und Erfahrungen auf den \u00fcber 60 suche-profi.de-Netzwerkfachseiten.<br \/>\n<span style=\"text-decoration: underline;\">redax-redakteur<br \/>\n<\/span> <strong>Sie wollen Online Ihr Marketing-Unternehmen besser pr\u00e4sentieren und Ihr knowhow wirkungsvoll ver\u00f6ffentlichen und zus\u00e4tzlich auf Ihr Unternehmen hinweisen?<br \/>\n<\/strong>Als Redakteur erhalten Sie einen eigenen Online-Zugang zu Ihren Fachbereich und k\u00f6nnen so unabh\u00e4ngig Ihr Profi-Portal aufbauen<strong>, senden Sie uns<strong> <a href=\"mailto:info@langwost.de\" target=\"_blank\" rel=\"noopener noreferrer\">eine Mail<\/a>:<\/strong><\/strong><\/p>\n","protected":false},"excerpt":{"rendered":"<p>Die langwost.de Unternehmensgruppe agiert in 8 Divisionen die \u00fcber die idee-produktion.de GmbH mit dem Sitz Garbsen bei Hannover gef\u00fchrt werden. [&hellip;]<\/p>\n","protected":false},"author":1,"featured_media":0,"parent":0,"menu_order":0,"comment_status":"closed","ping_status":"closed","template":"page-fullwidth.php","meta":{"footnotes":"","_links_to":"","_links_to_target":""},"class_list":["post-895","page","type-page","status-publish","hentry","no-featured-image"],"_links":{"self":[{"href":"https:\/\/www.werbeturm24.de\/index.php?rest_route=\/wp\/v2\/pages\/895","targetHints":{"allow":["GET"]}}],"collection":[{"href":"https:\/\/www.werbeturm24.de\/index.php?rest_route=\/wp\/v2\/pages"}],"about":[{"href":"https:\/\/www.werbeturm24.de\/index.php?rest_route=\/wp\/v2\/types\/page"}],"author":[{"embeddable":true,"href":"https:\/\/www.werbeturm24.de\/index.php?rest_route=\/wp\/v2\/users\/1"}],"replies":[{"embeddable":true,"href":"https:\/\/www.werbeturm24.de\/index.php?rest_route=%2Fwp%2Fv2%2Fcomments&post=895"}],"version-history":[{"count":14,"href":"https:\/\/www.werbeturm24.de\/index.php?rest_route=\/wp\/v2\/pages\/895\/revisions"}],"predecessor-version":[{"id":10708,"href":"https:\/\/www.werbeturm24.de\/index.php?rest_route=\/wp\/v2\/pages\/895\/revisions\/10708"}],"wp:attachment":[{"href":"https:\/\/www.werbeturm24.de\/index.php?rest_route=%2Fwp%2Fv2%2Fmedia&parent=895"}],"curies":[{"name":"wp","href":"https:\/\/api.w.org\/{rel}","templated":true}]}}