{"id":6630,"date":"2017-05-09T10:05:17","date_gmt":"2017-05-09T08:05:17","guid":{"rendered":"http:\/\/www.a-profi.de\/?product=75m-mast-viereckmastkrone"},"modified":"2022-05-09T09:24:17","modified_gmt":"2022-05-09T07:24:17","slug":"75m-mast-viereckmastkrone","status":"publish","type":"product","link":"https:\/\/www.werbeturm24.de\/?product=75m-mast-viereckmastkrone","title":{"rendered":"7,5m Mast &#8211; Viereckmastkrone"},"content":{"rendered":"<div id=\"cc-m-7354635984\">\n<h2 id=\"cc-m-header-7354635984\">Basispreise f\u00fcr Werbemasten Mastkrone in Viereckform.<\/h2>\n<\/div>\n<div id=\"cc-m-7354636284\">\n<p>Werbemasten bieten wir fix und fertig in mehreren 1.000 Ausf\u00fchrungen und Varianten an! <strong>Grunds\u00e4tzlich teilen wir in 2 Rubriken ein:<\/strong> &#8211; in Stahlmasten, feuerverzinkt als Rundrohr oder als Gittermast oder &#8211; in Schleuderbetonmasten. Masten bis H25\/30m sind als Stahlmast am g\u00fcnstigsten. H\u00f6here Masten oder auch mit sehr gro\u00dfer Werbefl\u00e4chen k\u00f6nnen als Schleuderbetonmast eine attraktive Alternative sein. Anleitung zur Preisfindung: (auf untenstehenden link klicken) <strong><a title=\"Hier finden Sie eine Anleitung zur Preiskalkulation.\" href=\"https:\/\/www.werbeturm24.de\/?page_id=7018\" target=\"_blank\" rel=\"noopener\">So finden Sie Ihr Produkt und stellen Ihren individuellen Preis zusammen!<\/a><\/strong> <strong>W<\/strong><strong>ir teilen in unterschiedliche Mastkronen-Typen ein:<\/strong><\/p>\n<ul>\n<li>Mastkrone mit\u00a0Rechteckwerbefl\u00e4chen oder<\/li>\n<li>Mastkrone in Pflugform angeordnete Werbefl\u00e4che oder<\/li>\n<li>Mastkrone mit Werbefl\u00e4chen als Dreick oder Viereck angeordnet. <strong>Sonderformen \/ Individualkalkulationen sind jederzeit m\u00f6glich, als Basis gilt immer der Grundpreis, der nach Ihrer Wunsch-Anforderung \/ Werbemast-Standort angepasst wird.<\/strong><\/li>\n<\/ul>\n<p><strong>Hier die Typenbezeichnungen:<\/strong><\/p>\n<ul>\n<li><strong>ST<\/strong>\u00a0= Stahlmast, 1- oder mehrrohrig aus verzinkten Stahl<\/li>\n<li><strong>GI<\/strong>\u00a0= Gittermastmast, verzinkt aus Stahl<\/li>\n<li><strong>SB<\/strong>\u00a0= Schleuderbetonmast<\/li>\n<li><strong>A1<\/strong>\u00a0= 4 Werbefl\u00e4chen ohne Beleuchtung<\/li>\n<li><strong>B1<\/strong>\u00a0= 4 Werbefl\u00e4chen mit obiger Beleuchtung (mit LED-Armstrahler)<\/li>\n<li><strong>B1+<\/strong>\u00a0= 4 Werbefl\u00e4chen w.o., jedoch\u00a0von oben und von unten\u00a0mit LED-Armstrahler<\/li>\n<li><strong>C1-LED<\/strong>\u00a0= 4 Werbefl\u00e4chen beschriftet mit einem Spanntuch-LED-Leuchttransparent<\/li>\n<\/ul>\n<p><strong>Zur Preisfindung ist immer:<\/strong> &#8211; die Masth\u00f6he und &#8211; die Werbefl\u00e4chengr\u00f6\u00dfe und &#8211;\u00a0die Art der Ausleuchtung ma\u00dfgebend. <strong>Je gr\u00f6\u00dfer die Werbefl\u00e4che oder h\u00f6her der Mast:<\/strong> &#8211; desto gr\u00f6\u00dfer die Windlast &#8211; desto gr\u00f6\u00dfer das Fundament &#8211; desto Dicke die Masts\u00e4ule und &#8211; desto h\u00f6her der damit verbundene Montageaufwand. <strong>Wenn Sie die Projektierung, Statik, Bauantragsstellung<\/strong> <strong>oder z.B. Fundamenterstellung in Eigenregie erledigen,<\/strong> <strong>erhalten Sie weitere Verg\u00fcnstigungen.<\/strong> Kontakten Sie uns alsbald Ihr Vorhaben konkret wird, denn je nach Marktlage und\u00a0Ausf\u00fchrung sind Preisanpassungen, auch zu Ihren Gunsten, m\u00f6glich! Dies ist abh\u00e4ngig von der Projektierung, dem Zeitpunkt, dem Standort und der finalen Ausf\u00fchrung, die dann genau f\u00fcr Ihr Bauvorhaben berechnet wird. Eines steht schon jetzt fest: <strong>Sie erhalten von werbeturm24 stets das beste Angebot<\/strong>! &#8211; und zwar incl. aller Gewerke und aller Nebenkosten &#8211; ! Stellen Sie sich Ihr Angebot mit Hilfe unseres Warenkorbes zusammen. Der Warenkorb sammelt alle Projektierungsarbeiten sowie Ihre Werbemastauswahl, so das Sie eine Angebots-\/Preis-\u00dcbersicht erhalten. Anschlie\u00dfend k\u00f6nnen Sie den Warenkorb ausdrucken (\u00fcber Ihren web-Browser) oder Sie senden uns die PDF des Warenkorbs\/Angebots per Mail an <a title=\"Kontakten Sie uns wenn Sie weitere Info ben\u00f6tigen.\" href=\"mailto:info@werbeturm24.de\" target=\"_blank\" rel=\"noopener\">info@werbeturm24.de<\/a>\u00a0zu, damit Ihr Angebotspreis an Ihren tats\u00e4chlichen angedachten Auftrag angepasst werden kann.<\/p>\n<div><strong>Referenzenbilder und Beispiele finden Sie in unserer\u00a0<a title=\"Hier gehts zu den Referenzbildern und Beispielen.\" href=\"https:\/\/www.werbeturm24.de\/?page_id=2023\" target=\"_blank\" rel=\"noopener\">Galerie\u00a0<\/a>.<\/strong> Die Preise sind incl. Vorplanung, zzgl. Mwst.. Gerechnet f\u00fcr Werbemaststandort Windlastzone 2, incl. bundesweite Montage. F\u00fcr Planungen und Beratungen k\u00f6nnen Sie unkompliziert die Planungspakete buchen oder uns jederzeit telefonisch kontakten unter\u00a0<strong>0511\/ 9200 000.<\/strong> <strong>werbeturm24 ber\u00e4t Sie unabh\u00e4ngig und kompetent!<\/strong><\/div>\n<\/div>\n","protected":false},"excerpt":{"rendered":"<p><strong>Hier finden Sie eine Auswahl an Werbemasten<\/strong><br \/>\ndie Ihnen sofort eine Preis\u00fcbersicht erm\u00f6glicht.<strong><br \/>\nW\u00e4hlen Sie \u00fcber die 3 untenstehenden schwarzen &#8222;Ausf\u00fchrung w\u00e4hlen&#8230;&#8220;-Balken Ihre Mastausf\u00fchrung und Sie erhalten den &#8222;all in&#8220; Angebotspreis.<br \/>\nH\u00f6he des Werbemastes:<\/strong>\u00a0750 cm<br \/>\n<strong>Ma\u00dfe der Werbefl\u00e4che:<\/strong> <strong>BASIC:<\/strong>\u00a0400 x 150 cm<br \/>\n<strong>BIG:<\/strong>\u00a0500 x 200 cm<br \/>\n<strong>SUPER BIG:<\/strong>\u00a0600 x 300 cm<\/p>\n<p><a href=\"https:\/\/www.werbeturm24.de\/wp-content\/uploads\/2017\/05\/werbeturm24_12_Tipps_zur_Werbeturmkalkulation.jpg\"><img decoding=\"async\" class=\"alignnone size-full wp-image-10369\" src=\"https:\/\/www.werbeturm24.de\/wp-content\/uploads\/2017\/05\/werbeturm24_12_Tipps_zur_Werbeturmkalkulation.jpg\" alt=\"werbeturm24_12_Tipps_zur_Werbeturmkalkulation\" width=\"1600\" height=\"1178\" srcset=\"https:\/\/www.werbeturm24.de\/wp-content\/uploads\/2017\/05\/werbeturm24_12_Tipps_zur_Werbeturmkalkulation.jpg 978w, https:\/\/www.werbeturm24.de\/wp-content\/uploads\/2017\/05\/werbeturm24_12_Tipps_zur_Werbeturmkalkulation-745x549.jpg 745w, https:\/\/www.werbeturm24.de\/wp-content\/uploads\/2017\/05\/werbeturm24_12_Tipps_zur_Werbeturmkalkulation-300x221.jpg 300w, https:\/\/www.werbeturm24.de\/wp-content\/uploads\/2017\/05\/werbeturm24_12_Tipps_zur_Werbeturmkalkulation-1024x754.jpg 1024w\" sizes=\"(max-width: 1600px) 100vw, 1600px\" \/><\/a><\/p>\n<p><strong>Interesse? oder mehr Infos? Bitte Nachricht senden:<\/strong><br \/>\n[supsystic-form id=11]<\/p>\n","protected":false},"featured_media":10665,"comment_status":"closed","ping_status":"closed","template":"","meta":{"_links_to":"","_links_to_target":""},"product_cat":[418],"product_tag":[],"class_list":{"0":"post-6630","1":"product","2":"type-product","3":"status-publish","4":"has-post-thumbnail","6":"product_cat-viereckmastkrone","7":"pa_a1-a2-b1-b2-a1-4-seitig-ohne-beleuchtung","8":"pa_a1-a2-b1-b2-b1-4-seitig-mit-beleuchtung-armstrahler","9":"pa_a1-a2-b1-b2-b1-4-werbeflaechen-jeweils-mit-beleuchtung-led-auslege-armstrahler-von-oben-unten","10":"pa_a1-a2-b1-b2-c1-led-4-werbeflaechen-jeweils-beschriftet-mit-einem-spanntuch-led-leuchttransparent","11":"pa_basic-big-superbig-basic","12":"pa_basic-big-superbig-big","13":"pa_basic-big-superbig-superbig","14":"pa_st-gi-sb-gi","15":"pa_st-gi-sb-st","16":"pa_st-gi-sb-sb","18":"first","19":"instock","20":"taxable","21":"shipping-taxable","22":"purchasable","23":"product-type-variable","24":"has-featured-image","25":"portrait"},"_links":{"self":[{"href":"https:\/\/www.werbeturm24.de\/index.php?rest_route=\/wp\/v2\/product\/6630","targetHints":{"allow":["GET"]}}],"collection":[{"href":"https:\/\/www.werbeturm24.de\/index.php?rest_route=\/wp\/v2\/product"}],"about":[{"href":"https:\/\/www.werbeturm24.de\/index.php?rest_route=\/wp\/v2\/types\/product"}],"replies":[{"embeddable":true,"href":"https:\/\/www.werbeturm24.de\/index.php?rest_route=%2Fwp%2Fv2%2Fcomments&post=6630"}],"wp:featuredmedia":[{"embeddable":true,"href":"https:\/\/www.werbeturm24.de\/index.php?rest_route=\/wp\/v2\/media\/10665"}],"wp:attachment":[{"href":"https:\/\/www.werbeturm24.de\/index.php?rest_route=%2Fwp%2Fv2%2Fmedia&parent=6630"}],"wp:term":[{"taxonomy":"product_cat","embeddable":true,"href":"https:\/\/www.werbeturm24.de\/index.php?rest_route=%2Fwp%2Fv2%2Fproduct_cat&post=6630"},{"taxonomy":"product_tag","embeddable":true,"href":"https:\/\/www.werbeturm24.de\/index.php?rest_route=%2Fwp%2Fv2%2Fproduct_tag&post=6630"}],"curies":[{"name":"wp","href":"https:\/\/api.w.org\/{rel}","templated":true}]}}