{"id":6812,"date":"2017-04-03T11:07:03","date_gmt":"2017-04-03T09:07:03","guid":{"rendered":"http:\/\/www.a-profi.de\/?post_type=product&#038;p=6812"},"modified":"2019-09-04T10:08:30","modified_gmt":"2019-09-04T08:08:30","slug":"kalkulation","status":"publish","type":"product","link":"https:\/\/www.werbeturm24.de\/?product=kalkulation","title":{"rendered":"Kalkulation? Wenn &#8211; richtig! Alle Werbeturm &#8211; Preise komplett-\u00fcbersichtlich-klar!"},"content":{"rendered":"","protected":false},"excerpt":{"rendered":"<p>Fachberatung &#8211; Projektierung &#8211; Baugrunduntersuchung &#8211; Positionierung &#8211; Statik f\u00fcr Mast und Fundamentbau &#8211; H\u00f6henplanung &#8211; Stahlbauzeichnung &#8211; Werbemastbau &#8211; Verzinkung &#8211; Alle Zertifikate &#8211; Werbeanlagenbau &#8211; Beschrifungslayout &#8211; Montageplanung &#8211; Transportplanung &#8211; Hubsteigerplanung &#8211; Service- und Wartungszug\u00e4nge &#8211; Podestb\u00fchnen &#8211; Fundamenterstellung &#8211; Bewehrung &#8211; Bodenabtransport &#8211; Bodenaushub-Entsorgung &#8211; Sondergr\u00fcndung &#8211; Anpflasterung &#8211; Elektroplanung &#8211; Absicherung &#8211; Windlastberechnung &#8211; Mastausrichtung &#8211; Gr\u00f6\u00dfendifinition &#8211; Einmessung &#8211; Nachweise Befestigungsmittel &#8211; Blitzschutz &#8211; Kranplanung &#8211; Hubsteigerplanung &#8211; \u00dcbernachtung Montageteams -u.v. m&#8230;. eigentlich alles ganz einfach. Sie m\u00fcssen es nur kalkulieren und richtig machen. Oder wir machen das f\u00fcr Sie!<\/p>\n","protected":false},"featured_media":9985,"comment_status":"closed","ping_status":"closed","template":"","meta":{"_links_to":"","_links_to_target":""},"product_cat":[441],"product_tag":[],"class_list":{"0":"post-6812","1":"product","2":"type-product","3":"status-publish","4":"has-post-thumbnail","6":"product_cat-werbemast-kalkulation-bauantragstellung-finanzierung-vermietung","8":"first","9":"instock","10":"taxable","11":"shipping-taxable","12":"product-type-simple","13":"has-featured-image","14":"square"},"_links":{"self":[{"href":"https:\/\/www.werbeturm24.de\/index.php?rest_route=\/wp\/v2\/product\/6812","targetHints":{"allow":["GET"]}}],"collection":[{"href":"https:\/\/www.werbeturm24.de\/index.php?rest_route=\/wp\/v2\/product"}],"about":[{"href":"https:\/\/www.werbeturm24.de\/index.php?rest_route=\/wp\/v2\/types\/product"}],"replies":[{"embeddable":true,"href":"https:\/\/www.werbeturm24.de\/index.php?rest_route=%2Fwp%2Fv2%2Fcomments&post=6812"}],"wp:featuredmedia":[{"embeddable":true,"href":"https:\/\/www.werbeturm24.de\/index.php?rest_route=\/wp\/v2\/media\/9985"}],"wp:attachment":[{"href":"https:\/\/www.werbeturm24.de\/index.php?rest_route=%2Fwp%2Fv2%2Fmedia&parent=6812"}],"wp:term":[{"taxonomy":"product_cat","embeddable":true,"href":"https:\/\/www.werbeturm24.de\/index.php?rest_route=%2Fwp%2Fv2%2Fproduct_cat&post=6812"},{"taxonomy":"product_tag","embeddable":true,"href":"https:\/\/www.werbeturm24.de\/index.php?rest_route=%2Fwp%2Fv2%2Fproduct_tag&post=6812"}],"curies":[{"name":"wp","href":"https:\/\/api.w.org\/{rel}","templated":true}]}}