{"id":8734,"date":"2017-05-06T08:41:07","date_gmt":"2017-05-06T06:41:07","guid":{"rendered":"http:\/\/www.a-profi.de\/?product=25m-mast-rechteckmastkrone"},"modified":"2022-05-13T08:11:27","modified_gmt":"2022-05-13T06:11:27","slug":"25m-mast-rechteckmastkrone","status":"publish","type":"product","link":"https:\/\/www.werbeturm24.de\/?product=25m-mast-rechteckmastkrone","title":{"rendered":"25m Mast &#8211; Rechteckmastkrone"},"content":{"rendered":"<div id=\"cc-m-7354635984\">\n<h2 id=\"cc-m-header-7354635984\">Basispreise f\u00fcr Werbemasten Mastkrone in Rechteckform.<\/h2>\n<\/div>\n<div id=\"cc-m-7354636284\">\n<p>Werbemasten bieten wir fix und fertig in mehreren<br \/>\n1.000 Ausf\u00fchrungen und Varianten an!<br \/>\n<strong>Grunds\u00e4tzlich teilen wir in 2 Rubriken ein:<\/strong><br \/>\n&#8211; in Stahlmasten, feuerverzinkt als Rundrohr oder als Gittermast oder<br \/>\n&#8211; in Schleuderbetonmasten.<br \/>\nMasten bis H25\/30m sind als Stahlmast am g\u00fcnstigsten.<br \/>\nH\u00f6here Masten oder auch mit sehr gro\u00dfer Werbefl\u00e4chen k\u00f6nnen<br \/>\nals Schleuderbetonmast eine attraktive Alternative sein.<\/p>\n<p>Anleitung zur Preisfindung: (auf untenstehenden link klicken)<br \/>\n<strong><a title=\"Hier finden Sie eine Anleitung zur Preiskalkulation.\" href=\"https:\/\/www.werbeturm24.de\/?page_id=7018\" target=\"_blank\" rel=\"noopener\">So finden Sie Ihr Produkt und stellen Ihren individuellen Preis zusammen!<\/a><\/strong><\/p>\n<p><strong>W<\/strong><span style=\"line-height: 1.5;\"><strong>ir teilen in unterschiedliche Mastkronen-Typen ein:<\/strong><br \/>\n<\/span><\/p>\n<ul>\n<li><span style=\"line-height: 1.5;\">Mastkrone mit\u00a0Rechteckwerbefl\u00e4chen oder<\/span><\/li>\n<li><span style=\"line-height: 1.5;\">Mastkrone in Pflugform angeordnete Werbefl\u00e4che oder<\/span><\/li>\n<li><span style=\"line-height: 1.5;\"><span style=\"line-height: 1.5;\">Mastkrone mit Werbefl\u00e4chen als Dreick oder Viereck angeordnet.<br \/>\n<\/span><\/span><strong>Sonderformen \/ Individualkalkulationen sind jederzeit m\u00f6glich,<br \/>\nals Basis gilt immer der Grundpreis, der nach Ihrer<br \/>\nWunsch-Anforderung \/ Werbemast-Standort angepasst wird.<\/strong><\/li>\n<\/ul>\n<p><strong>Hier die Typenbezeichnungen:<\/strong><\/p>\n<ul>\n<li><strong>ST<\/strong> = Stahlmast, 1- oder mehrrohrig aus verzinkten Stahl<\/li>\n<li><strong>GI<\/strong> = Gittemastmast, verzinkt aus Stahl<\/li>\n<li><strong>SB<\/strong> = Schleuderbetonmast<\/li>\n<li><strong>A1<\/strong> = 1-seitig ohne Beleuchtung<\/li>\n<li><strong>A2<\/strong> = 2-seitig ohne Beleuchtung<\/li>\n<li><strong>B1<\/strong> = 1-seitig Schild mit obiger Beleuchtung (mit LED-Armstrahler)<\/li>\n<li><strong>B2<\/strong> = 2-seitige Schilder mit obiger Beleuchtung (mit LED-Armstrahler)<\/li>\n<li><strong>B1+<\/strong> = 1-seitig w.o., jedoch <span style=\"text-decoration: underline;\">von oben und von unten<\/span> mit LED-Armstrahler<\/li>\n<li><strong>B2+<\/strong> = 2-seitig w.o., jedoch <span style=\"text-decoration: underline;\">von oben und von unten<\/span> mit LED-Armstrahler<\/li>\n<li><strong>C1-LED<\/strong> = mit 1-seitigen beschrifteten Spanntuch-LED-Leuchttransparent<\/li>\n<li><strong>C2-LED<\/strong> = mit 2-seitigen beschrifteten Spanntuch-LED-Leuchttransparenten<\/li>\n<\/ul>\n<p><span style=\"line-height: 1.5;\"><strong>Zur Preisfindung ist immer:<\/strong><br \/>\n&#8211; die Masth\u00f6he und<br \/>\n&#8211; die Werbefl\u00e4chengr\u00f6\u00dfe und<br \/>\n&#8211; <\/span><span style=\"line-height: 1.5;\">die Art der Ausleuchtung ma\u00dfgebend.<br \/>\n<strong>Je gr\u00f6\u00dfer die Werbefl\u00e4che oder h\u00f6her der Mast:<\/strong><br \/>\n&#8211; desto gr\u00f6\u00dfer die Windlast<br \/>\n&#8211; desto gr\u00f6\u00dfer das Fundament<br \/>\n&#8211; desto Dicke die Masts\u00e4ule und<br \/>\n&#8211; desto h\u00f6her der damit verbundene Montageaufwand.<br \/>\n<\/span><\/p>\n<p><span style=\"line-height: 1.5;\"><strong>Wenn Sie die Projektierung, Statik, Bauantragsstellung<\/strong><br \/>\n<strong> oder z.B. Fundamenterstellung in Eigenregie erledigen,<\/strong><br \/>\n<strong> erhalten Sie weitere Verg\u00fcnstigungen.<\/strong><br \/>\n<\/span><\/p>\n<p>Kontakten Sie uns alsbald Ihr Vorhaben konkret wird, denn je nach<br \/>\nMarktlage und\u00a0Ausf\u00fchrung sind Preisanpassungen, auch zu Ihren Gunsten,<br \/>\nm\u00f6glich!<br \/>\nDies ist abh\u00e4ngig von der Projektierung, dem Zeitpunkt, dem Standort und<br \/>\n<span style=\"text-decoration: underline;\">der finalen Ausf\u00fchrung<\/span>, die dann genau f\u00fcr Ihr Bauvorhaben berechnet wird.<\/p>\n<p>Eines steht schon jetzt fest:<br \/>\n<strong>Sie erhalten von werbeturm24 stets das beste Angebot<\/strong>!<br \/>\n&#8211; und zwar incl. aller Gewerke und aller Nebenkosten &#8211; !<\/p>\n<p><span style=\"line-height: 1.5;\">Stellen Sie sich Ihr Angebot mit Hilfe unseres Warenkorbes zusammen.<br \/>\nDer Warenkorb sammelt alle Projektierungsarbeiten sowie Ihre<br \/>\nWerbemastauswahl, so das Sie eine Angebots-\/Preis-\u00dcbersicht erhalten.<\/span><\/p>\n<p>Anschlie\u00dfend k\u00f6nnen Sie den Warenkorb ausdrucken (\u00fcber Ihren web-Browser)<br \/>\noder Sie senden uns die PDF des Warenkorbs\/Angebots per Mail an<br \/>\n<a style=\"line-height: 1.5;\" title=\"Kontakten Sie uns wenn Sie weitere Info ben\u00f6tigen.\" href=\"mailto:info@werbeturm24.de\" target=\"_blank\" rel=\"noopener\">info@werbeturm24.de<\/a><span style=\"line-height: 1.5;\"> zu, damit Ihr Angebotspreis an<br \/>\nIhren tats\u00e4chlichen angedachten Auftrag angepasst werden kann.<br \/>\n<\/span><\/p>\n<div>\n<p><strong>Referenzenbilder und Beispiele finden Sie in unserer <a title=\"Hier gehts zu den Referenzbildern und Beispielen.\" href=\"https:\/\/www.werbeturm24.de\/?page_id=2023\" target=\"_blank\" rel=\"noopener\">Galerie <\/a>.<\/strong><\/p>\n<p>Die Preise sind incl. Vorplanung, zzgl. Mwst..<br \/>\nGerechnet f\u00fcr Werbemaststandort Windlastzone 2, incl. bundesweite Montage.<\/p>\n<p>F\u00fcr Planungen und Beratungen k\u00f6nnen Sie unkompliziert die<br \/>\nPlanungspakete buchen oder uns jederzeit telefonisch kontakten<br \/>\nunter <strong>0511\/ 9200 000.<\/strong><\/p>\n<p><strong>werbeturm24 ber\u00e4t Sie unabh\u00e4ngig und kompetent!<\/strong><\/p>\n<\/div>\n<\/div>\n","protected":false},"excerpt":{"rendered":"<p><strong>Hier finden Sie eine Auswahl an Werbemasten<\/strong><br \/>\ndie Ihnen sofort eine Preis\u00fcbersicht erm\u00f6glicht.<strong><br \/>\nW\u00e4hlen Sie \u00fcber die 3 untenstehenden schwarzen<br \/>\n&#8222;Ausf\u00fchrung w\u00e4hlen&#8230;&#8220;-Balken Ihre Mastausf\u00fchrung<br \/>\nund Sie erhalten den &#8222;all in&#8220; Angebotspreis.<br \/>\nH\u00f6he des Werbemastes:<\/strong> 2500 cm<br \/>\n<strong>Ma\u00dfe der Werbefl\u00e4che:<\/strong><br \/>\n<strong>BASIC:<\/strong> 1000 x 500 cm<br \/>\n<strong>BIG:<\/strong> 1000 x 600 cm<br \/>\n<strong>SUPER BIG:<\/strong> 1200 x 700 cm<\/p>\n<p><a href=\"https:\/\/www.werbeturm24.de\/wp-content\/uploads\/2017\/05\/werbeturm24_12_Tipps_zur_Werbeturmkalkulation.jpg\"><img decoding=\"async\" class=\"alignnone size-full wp-image-10369\" src=\"https:\/\/www.werbeturm24.de\/wp-content\/uploads\/2017\/05\/werbeturm24_12_Tipps_zur_Werbeturmkalkulation.jpg\" alt=\"werbeturm24_12_Tipps_zur_Werbeturmkalkulation\" width=\"1600\" height=\"1178\" srcset=\"https:\/\/www.werbeturm24.de\/wp-content\/uploads\/2017\/05\/werbeturm24_12_Tipps_zur_Werbeturmkalkulation.jpg 978w, https:\/\/www.werbeturm24.de\/wp-content\/uploads\/2017\/05\/werbeturm24_12_Tipps_zur_Werbeturmkalkulation-745x549.jpg 745w, https:\/\/www.werbeturm24.de\/wp-content\/uploads\/2017\/05\/werbeturm24_12_Tipps_zur_Werbeturmkalkulation-300x221.jpg 300w, https:\/\/www.werbeturm24.de\/wp-content\/uploads\/2017\/05\/werbeturm24_12_Tipps_zur_Werbeturmkalkulation-1024x754.jpg 1024w\" sizes=\"(max-width: 1600px) 100vw, 1600px\" \/><\/a><\/p>\n<p><span style=\"line-height: 1.5;\"><strong>Interesse? oder mehr Infos? Bitte Nachricht senden:<\/strong><br \/>\n[supsystic-form id=11]<\/span><\/p>\n","protected":false},"featured_media":10637,"comment_status":"closed","ping_status":"closed","template":"","meta":{"_links_to":"","_links_to_target":""},"product_cat":[417],"product_tag":[],"class_list":{"0":"post-8734","1":"product","2":"type-product","3":"status-publish","4":"has-post-thumbnail","6":"product_cat-rechteckmastkrone","7":"pa_a1-a2-b1-b2-a1","8":"pa_a1-a2-b1-b2-a2","9":"pa_a1-a2-b1-b2-b1","10":"pa_a1-a2-b1-b2-b2","11":"pa_a1-a2-b1-b2-b1-2","12":"pa_a1-a2-b1-b2-b2-2-werbeflaechen-jeweils-mit-beleuchtung-led-auslege-armstrahler-von-oben-unten","13":"pa_a1-a2-b1-b2-c1-led","14":"pa_a1-a2-b1-b2-c2-led","15":"pa_basic-big-superbig-basic","16":"pa_basic-big-superbig-big","17":"pa_basic-big-superbig-superbig","18":"pa_st-gi-sb-gi","19":"pa_st-gi-sb-st","20":"pa_st-gi-sb-sb","22":"first","23":"instock","24":"taxable","25":"shipping-taxable","26":"purchasable","27":"product-type-variable","28":"has-featured-image","29":"portrait"},"_links":{"self":[{"href":"https:\/\/www.werbeturm24.de\/index.php?rest_route=\/wp\/v2\/product\/8734","targetHints":{"allow":["GET"]}}],"collection":[{"href":"https:\/\/www.werbeturm24.de\/index.php?rest_route=\/wp\/v2\/product"}],"about":[{"href":"https:\/\/www.werbeturm24.de\/index.php?rest_route=\/wp\/v2\/types\/product"}],"replies":[{"embeddable":true,"href":"https:\/\/www.werbeturm24.de\/index.php?rest_route=%2Fwp%2Fv2%2Fcomments&post=8734"}],"wp:featuredmedia":[{"embeddable":true,"href":"https:\/\/www.werbeturm24.de\/index.php?rest_route=\/wp\/v2\/media\/10637"}],"wp:attachment":[{"href":"https:\/\/www.werbeturm24.de\/index.php?rest_route=%2Fwp%2Fv2%2Fmedia&parent=8734"}],"wp:term":[{"taxonomy":"product_cat","embeddable":true,"href":"https:\/\/www.werbeturm24.de\/index.php?rest_route=%2Fwp%2Fv2%2Fproduct_cat&post=8734"},{"taxonomy":"product_tag","embeddable":true,"href":"https:\/\/www.werbeturm24.de\/index.php?rest_route=%2Fwp%2Fv2%2Fproduct_tag&post=8734"}],"curies":[{"name":"wp","href":"https:\/\/api.w.org\/{rel}","templated":true}]}}