{"id":9329,"date":"2017-05-30T14:00:17","date_gmt":"2017-05-30T12:00:17","guid":{"rendered":"http:\/\/www.a-profi.de\/?post_type=product&#038;p=9329"},"modified":"2019-09-04T09:03:55","modified_gmt":"2019-09-04T07:03:55","slug":"vermietung","status":"publish","type":"product","link":"https:\/\/www.werbeturm24.de\/?product=vermietung","title":{"rendered":"Vermietung? Selber nutzen! Beides ist sofort m\u00f6glich! Wir betreuen Ihr Projekt!"},"content":{"rendered":"","protected":false},"excerpt":{"rendered":"<p>Sie haben ein eigenes Grundst\u00fcck in guter Lage und<br \/>\nsuchen einen kompetenten Partner f\u00fcr Ihren<br \/>\nWerbemastbau? Einfacher geht es nicht!<br \/>\nMit werbeturm24 k\u00f6nnen Sie sofort Ihr Projekt starten.<br \/>\nSie erhalten alle wesentlichen Infos sofort und<br \/>\nprofessionell aus einer Hand.<br \/>\nWenn Sie sp\u00e4ter Ihre Werbefl\u00e4chen vermieten m\u00f6chten,<br \/>\nunterst\u00fctzen wir Sie dabei.<br \/>\nNutzen Sie das Werbepotential eines Werbemastes<br \/>\nund schaffen Sie sofort Blickkontakt zu Ihren Kunden.<br \/>\nWerbemasten Kauf ab 8.500,00 \u20ac oder mtl. 195,00 \u20ac Leasing!<\/p>\n","protected":false},"featured_media":9951,"comment_status":"closed","ping_status":"closed","template":"","meta":{"_links_to":"","_links_to_target":""},"product_cat":[441],"product_tag":[],"class_list":{"0":"post-9329","1":"product","2":"type-product","3":"status-publish","4":"has-post-thumbnail","6":"product_cat-werbemast-kalkulation-bauantragstellung-finanzierung-vermietung","8":"first","9":"instock","10":"taxable","11":"shipping-taxable","12":"product-type-simple","13":"has-featured-image","14":"square"},"_links":{"self":[{"href":"https:\/\/www.werbeturm24.de\/index.php?rest_route=\/wp\/v2\/product\/9329","targetHints":{"allow":["GET"]}}],"collection":[{"href":"https:\/\/www.werbeturm24.de\/index.php?rest_route=\/wp\/v2\/product"}],"about":[{"href":"https:\/\/www.werbeturm24.de\/index.php?rest_route=\/wp\/v2\/types\/product"}],"replies":[{"embeddable":true,"href":"https:\/\/www.werbeturm24.de\/index.php?rest_route=%2Fwp%2Fv2%2Fcomments&post=9329"}],"wp:featuredmedia":[{"embeddable":true,"href":"https:\/\/www.werbeturm24.de\/index.php?rest_route=\/wp\/v2\/media\/9951"}],"wp:attachment":[{"href":"https:\/\/www.werbeturm24.de\/index.php?rest_route=%2Fwp%2Fv2%2Fmedia&parent=9329"}],"wp:term":[{"taxonomy":"product_cat","embeddable":true,"href":"https:\/\/www.werbeturm24.de\/index.php?rest_route=%2Fwp%2Fv2%2Fproduct_cat&post=9329"},{"taxonomy":"product_tag","embeddable":true,"href":"https:\/\/www.werbeturm24.de\/index.php?rest_route=%2Fwp%2Fv2%2Fproduct_tag&post=9329"}],"curies":[{"name":"wp","href":"https:\/\/api.w.org\/{rel}","templated":true}]}}