{"id":9330,"date":"2017-05-30T14:02:36","date_gmt":"2017-05-30T12:02:36","guid":{"rendered":"http:\/\/www.a-profi.de\/?post_type=product&#038;p=9330"},"modified":"2019-09-04T14:06:06","modified_gmt":"2019-09-04T12:06:06","slug":"uebersichten","status":"publish","type":"product","link":"https:\/\/www.werbeturm24.de\/?product=uebersichten","title":{"rendered":"Mast-Konzeption &#8211; Auswahl. Welcher ist der Richtige? H\u00f6he? Werbegr\u00f6\u00dfe? Art?"},"content":{"rendered":"","protected":false},"excerpt":{"rendered":"<p>Je nach Werbeturm Standort und Logo-Gr\u00f6\u00dfe Ihres<br \/>\nBeschriftungswunsches entscheidet sich die Dimension<br \/>\nund Anordnung der Werbefl\u00e4chen Ihres Werbemastes.<br \/>\nOptisch muss es passen! Von weitem sichtbar soll es sein!<br \/>\nNachts beleuchtet oder unbeleuchtet?<br \/>\nOder mit 4c LED-Display-Gro\u00dfbild-Monitor?&#8230; f\u00fcr einfachen<br \/>\nund individuellen Motivwechsel via Controller und PC,<br \/>\nwechseln Sie per Mausklick Ihre Beschriftung!<br \/>\nAlles eine Frage Ihres Bugdets. Wer perfektionieren<br \/>\nIhren Werbemast f\u00fcr Ihren Werbeerfolg!<\/p>\n","protected":false},"featured_media":9981,"comment_status":"closed","ping_status":"closed","template":"","meta":{"_links_to":"","_links_to_target":""},"product_cat":[442],"product_tag":[],"class_list":{"0":"post-9330","1":"product","2":"type-product","3":"status-publish","4":"has-post-thumbnail","6":"product_cat-werbemast-typenerklaerung-uebersichten-telefonberatung-projektierung","8":"first","9":"instock","10":"taxable","11":"shipping-taxable","12":"product-type-simple","13":"has-featured-image","14":"square"},"_links":{"self":[{"href":"https:\/\/www.werbeturm24.de\/index.php?rest_route=\/wp\/v2\/product\/9330","targetHints":{"allow":["GET"]}}],"collection":[{"href":"https:\/\/www.werbeturm24.de\/index.php?rest_route=\/wp\/v2\/product"}],"about":[{"href":"https:\/\/www.werbeturm24.de\/index.php?rest_route=\/wp\/v2\/types\/product"}],"replies":[{"embeddable":true,"href":"https:\/\/www.werbeturm24.de\/index.php?rest_route=%2Fwp%2Fv2%2Fcomments&post=9330"}],"wp:featuredmedia":[{"embeddable":true,"href":"https:\/\/www.werbeturm24.de\/index.php?rest_route=\/wp\/v2\/media\/9981"}],"wp:attachment":[{"href":"https:\/\/www.werbeturm24.de\/index.php?rest_route=%2Fwp%2Fv2%2Fmedia&parent=9330"}],"wp:term":[{"taxonomy":"product_cat","embeddable":true,"href":"https:\/\/www.werbeturm24.de\/index.php?rest_route=%2Fwp%2Fv2%2Fproduct_cat&post=9330"},{"taxonomy":"product_tag","embeddable":true,"href":"https:\/\/www.werbeturm24.de\/index.php?rest_route=%2Fwp%2Fv2%2Fproduct_tag&post=9330"}],"curies":[{"name":"wp","href":"https:\/\/api.w.org\/{rel}","templated":true}]}}